{"id":217,"date":"2015-07-14T14:50:10","date_gmt":"2015-07-14T14:50:10","guid":{"rendered":"http:\/\/test.kriesi.at\/minimal-portfolio\/?page_id=9"},"modified":"2026-02-26T22:04:58","modified_gmt":"2026-02-26T21:04:58","slug":"home","status":"publish","type":"page","link":"https:\/\/www.noemiwaysfeld.com\/","title":{"rendered":"Home"},"content":{"rendered":"<div id='full_slider_1'  class='avia-fullwidth-slider main_color avia-shadow   avia-builder-el-0  el_before_av_one_half  avia-builder-el-first   container_wrap fullsize' style=' '  ><div   data-size='no scaling'  data-lightbox_size='large'  data-animation='fade'  data-conditional_play=''  data-ids='1478'  data-video_counter='0'  data-autoplay='false'  data-bg_slider='false'  data-slide_height=''  data-handle='av_slideshow_full'  data-interval='5'  data-class=' '  data-el_id=''  data-css_id=''  data-scroll_down=''  data-control_layout='av-control-hidden'  data-custom_markup=''  data-perma_caption='aviaTBperma_caption'  data-autoplay_stopper=''  data-image_attachment=''  data-min_height='600px'  data-lazy_loading='disabled'  data-src=''  data-position='top left'  data-repeat='no-repeat'  data-attach='scroll'  data-stretch=''  class='avia-slideshow avia-slideshow-1  av-control-hidden av-default-height-applied avia-slideshow-no scaling av_slideshow_full   avia-fade-slider '  itemprop=\"image\" itemscope=\"itemscope\" itemtype=\"https:\/\/schema.org\/ImageObject\" ><ul class='avia-slideshow-inner ' style='padding-bottom: 63.04780876494%;' ><li  class=' av-single-slide slide-1 ' ><div data-rel='slideshow-1' class='avia-slide-wrap '   ><img class=\"wp-image-1478 avia-img-lazy-loading-not-1478\"  src=\"https:\/\/www.noemiwaysfeld.com\/wp-content\/uploads\/2024\/11\/Banniere-site-web.jpg\" width=\"2008\" height=\"1266\" title='Banni\u00e8re site web' alt=''  itemprop=\"thumbnailUrl\"  style='min-height:600px; min-width:952px; ' srcset=\"https:\/\/www.noemiwaysfeld.com\/wp-content\/uploads\/2024\/11\/Banniere-site-web.jpg 2008w, https:\/\/www.noemiwaysfeld.com\/wp-content\/uploads\/2024\/11\/Banniere-site-web-300x189.jpg 300w, https:\/\/www.noemiwaysfeld.com\/wp-content\/uploads\/2024\/11\/Banniere-site-web-1030x649.jpg 1030w, https:\/\/www.noemiwaysfeld.com\/wp-content\/uploads\/2024\/11\/Banniere-site-web-768x484.jpg 768w, https:\/\/www.noemiwaysfeld.com\/wp-content\/uploads\/2024\/11\/Banniere-site-web-1536x968.jpg 1536w, https:\/\/www.noemiwaysfeld.com\/wp-content\/uploads\/2024\/11\/Banniere-site-web-1500x946.jpg 1500w, https:\/\/www.noemiwaysfeld.com\/wp-content\/uploads\/2024\/11\/Banniere-site-web-705x444.jpg 705w\" sizes=\"(max-width: 2008px) 100vw, 2008px\" \/><\/div><\/li><\/ul><\/div><\/div><div id='after_full_slider_1'  class='main_color av_default_container_wrap container_wrap fullsize' style=' '  ><div class='container' ><div class='template-page content  av-content-full alpha units'><div class='post-entry post-entry-type-page post-entry-217'><div class='entry-content-wrapper clearfix'>\n<div class=\"flex_column av_one_half  flex_column_div av-zero-column-padding first  avia-builder-el-1  el_after_av_slideshow_full  el_before_av_one_half  avia-builder-el-first  \" style='border-radius:0px; '><section class=\"av_textblock_section \"  itemscope=\"itemscope\" itemtype=\"https:\/\/schema.org\/CreativeWork\" ><div class='avia_textblock  '   itemprop=\"text\" ><h4>Nouvel album automne 2024 chez Sony Music<\/h4>\n<\/div><\/section><br \/>\n<div  class='avia-image-container  av-styling-    avia-builder-el-3  el_after_av_textblock  el_before_av_textblock  avia-align-center '  itemprop=\"image\" itemscope=\"itemscope\" itemtype=\"https:\/\/schema.org\/ImageObject\"  ><div class='avia-image-container-inner'><div class='avia-image-overlay-wrap'><a href='https:\/\/noemiwaysfeld.lnk.to\/ChanteBarbara' class='avia_image'  ><img width=\"1200\" height=\"1200\" class='wp-image-1456 avia-img-lazy-loading-not-1456 avia_image' src=\"https:\/\/www.noemiwaysfeld.com\/wp-content\/uploads\/2024\/10\/NOEMI-WAYSFELD-BARBARA-cover-1200.jpg\" alt='' title='NOEMI WAYSFELD-BARBARA-cover-1200'  itemprop=\"thumbnailUrl\" srcset=\"https:\/\/www.noemiwaysfeld.com\/wp-content\/uploads\/2024\/10\/NOEMI-WAYSFELD-BARBARA-cover-1200.jpg 1200w, https:\/\/www.noemiwaysfeld.com\/wp-content\/uploads\/2024\/10\/NOEMI-WAYSFELD-BARBARA-cover-1200-300x300.jpg 300w, https:\/\/www.noemiwaysfeld.com\/wp-content\/uploads\/2024\/10\/NOEMI-WAYSFELD-BARBARA-cover-1200-1030x1030.jpg 1030w, https:\/\/www.noemiwaysfeld.com\/wp-content\/uploads\/2024\/10\/NOEMI-WAYSFELD-BARBARA-cover-1200-80x80.jpg 80w, https:\/\/www.noemiwaysfeld.com\/wp-content\/uploads\/2024\/10\/NOEMI-WAYSFELD-BARBARA-cover-1200-768x768.jpg 768w, https:\/\/www.noemiwaysfeld.com\/wp-content\/uploads\/2024\/10\/NOEMI-WAYSFELD-BARBARA-cover-1200-36x36.jpg 36w, https:\/\/www.noemiwaysfeld.com\/wp-content\/uploads\/2024\/10\/NOEMI-WAYSFELD-BARBARA-cover-1200-180x180.jpg 180w, https:\/\/www.noemiwaysfeld.com\/wp-content\/uploads\/2024\/10\/NOEMI-WAYSFELD-BARBARA-cover-1200-705x705.jpg 705w\" sizes=\"(max-width: 1200px) 100vw, 1200px\" \/><\/a><\/div><\/div><\/div><br \/>\n<section class=\"av_textblock_section \"  itemscope=\"itemscope\" itemtype=\"https:\/\/schema.org\/CreativeWork\" ><div class='avia_textblock  '   itemprop=\"text\" ><div>\n<h5><i>No\u00ebmi Waysfeld chante Barbara<\/i><\/h5>\n<\/div>\n<div><\/div>\n<\/div><\/section><br \/>\n<section class=\"av_textblock_section \"  itemscope=\"itemscope\" itemtype=\"https:\/\/schema.org\/CreativeWork\" ><div class='avia_textblock  '   itemprop=\"text\" ><div><\/div>\n<div>Rendre hommage \u00e0 la chanteuse de minuit ? Voil\u00e0 ce qui rel\u00e8ve probablement du d\u00e9fi ou de l\u2019impossible pour ceux qui ont eu la chance d\u2019entendre Barbara sur sc\u00e8ne. C\u2019\u00e9tait sans compter avec No\u00ebmi Waysfeld !<\/div>\n<div>\n<div>\n<p>Chanter Barbara, \u00e7a touche \u00e0 l\u2019exp\u00e9rience du sublime. Partir \u00e0 la rencontre de cette \u00e9motion, de ce souffle, port\u00e9s par la voix de No\u00ebmi Waysfeld et imaginer pour elle un \u00e9crin. Le spectacle\u00a0<i>No\u00ebmi Waysfeld chante Barbara <\/i>est un rendez-vous, comme la promesse d\u2019une belle histoire d\u2019amour, comme qui dirait.<\/p>\n<p>Une cr\u00e9ation symphonique \u00e9labor\u00e9e par la chanteuse No\u00ebmi Waysfeld, le compositeur\u00a0<strong>Fabien Cali<\/strong>\u00a0et l\u2019<strong>Orchestre National Avignon-Provence<\/strong>\u00a0dirig\u00e9 par\u00a0<strong>Debora Walman<\/strong>.<\/p>\n<p><u>Cr\u00e9ation le 7 novembre 2024 avec L&#8217;Orchestre national Avignon-Provence<\/u>\u00a0\u00e0 la Scala Provence. Le projet se d\u00e9cline sur sc\u00e8ne en version orchestrale et en trio avec Leila Soldevila et Guillaume de Chassy.<\/p>\n<\/div>\n<\/div>\n<\/div><\/section><\/p><\/div>\n<div class=\"flex_column av_one_half  flex_column_div av-zero-column-padding   avia-builder-el-6  el_after_av_one_half  el_before_av_three_fifth  \" style='border-radius:0px; '><p><div  class='avia-video avia-video-16-9   av-lazyload-immediate  av-lazyload-video-embed  '   itemprop=\"video\" itemtype=\"https:\/\/schema.org\/VideoObject\"  data-original_url='https:\/\/youtu.be\/UaWB6C6KqmE' ><script type='text\/html' class='av-video-tmpl'><div class='avia-iframe-wrap'><iframe title=\"No\u00ebmi Waysfeld chante Barbara - Ma Maison - La Filature Sc\u00e8ne Nationale\" width=\"1500\" height=\"844\" src=\"https:\/\/www.youtube.com\/embed\/UaWB6C6KqmE?feature=oembed&autoplay=0&loop=0&controls=1&mute=0\" frameborder=\"0\" allow=\"accelerometer; autoplay; clipboard-write; encrypted-media; gyroscope; picture-in-picture; web-share\" referrerpolicy=\"strict-origin-when-cross-origin\" allowfullscreen><\/iframe><\/div><\/script><div class='av-click-to-play-overlay'><div class=\"avia_playpause_icon\"><\/div><\/div><\/div><br \/>\n<div  class='avia-video avia-video-16-9   av-lazyload-immediate  av-lazyload-video-embed  '   itemprop=\"video\" itemtype=\"https:\/\/schema.org\/VideoObject\"  data-original_url='https:\/\/youtu.be\/TvTV54gj6G0' ><script type='text\/html' class='av-video-tmpl'><div class='avia-iframe-wrap'><iframe title=\"No\u00ebmi Waysfeld chante Barbara - Vienne - Cit\u00e9 musicale de Metz\" width=\"1500\" height=\"844\" src=\"https:\/\/www.youtube.com\/embed\/TvTV54gj6G0?feature=oembed&autoplay=0&loop=0&controls=1&mute=0\" frameborder=\"0\" allow=\"accelerometer; autoplay; clipboard-write; encrypted-media; gyroscope; picture-in-picture; web-share\" referrerpolicy=\"strict-origin-when-cross-origin\" allowfullscreen><\/iframe><\/div><\/script><div class='av-click-to-play-overlay'><div class=\"avia_playpause_icon\"><\/div><\/div><\/div><br \/>\n<div  class='avia-video avia-video-16-9   av-lazyload-immediate  av-lazyload-video-embed  '   itemprop=\"video\" itemtype=\"https:\/\/schema.org\/VideoObject\"  data-original_url='https:\/\/youtu.be\/QII0m0jRJyI' ><script type='text\/html' class='av-video-tmpl'><div class='avia-iframe-wrap'><iframe title=\"No\u00ebmi Waysfeld chante Barbara Live\" width=\"1500\" height=\"844\" src=\"https:\/\/www.youtube.com\/embed\/QII0m0jRJyI?feature=oembed&autoplay=0&loop=0&controls=1&mute=0\" frameborder=\"0\" allow=\"accelerometer; autoplay; clipboard-write; encrypted-media; gyroscope; picture-in-picture; web-share\" referrerpolicy=\"strict-origin-when-cross-origin\" allowfullscreen><\/iframe><\/div><\/script><div class='av-click-to-play-overlay'><div class=\"avia_playpause_icon\"><\/div><\/div><\/div><\/p><\/div>\n<div class=\"flex_column av_three_fifth  flex_column_div av-zero-column-padding first  avia-builder-el-10  el_after_av_one_half  el_before_av_two_fifth  column-top-margin\" style='border-radius:0px; '><section class=\"av_textblock_section \"  itemscope=\"itemscope\" itemtype=\"https:\/\/schema.org\/CreativeWork\" ><div class='avia_textblock  '   itemprop=\"text\" ><h4>No\u00ebmi Waysfeld &#8211; Dis quand reviendras-tu ?<\/h4>\n<\/div><\/section><br \/>\n<div  class='avia-video avia-video-custom   av-lazyload-immediate  av-lazyload-video-embed  ' style='padding-bottom:56.25%;'  itemprop=\"video\" itemtype=\"https:\/\/schema.org\/VideoObject\"  data-original_url='https:\/\/youtu.be\/P773MfoXp3s' ><script type='text\/html' class='av-video-tmpl'><div class='avia-iframe-wrap'><iframe title=\"No\u00ebmi Waysfeld - Dis quand reviendras-tu ? (Clip officiel)\" width=\"1500\" height=\"844\" src=\"https:\/\/www.youtube.com\/embed\/P773MfoXp3s?feature=oembed&autoplay=0&loop=0&controls=1&mute=0\" frameborder=\"0\" allow=\"accelerometer; autoplay; clipboard-write; encrypted-media; gyroscope; picture-in-picture; web-share\" referrerpolicy=\"strict-origin-when-cross-origin\" allowfullscreen><\/iframe><\/div><\/script><div class='av-click-to-play-overlay'><div class=\"avia_playpause_icon\"><\/div><\/div><\/div><\/p><\/div>\n<div class=\"flex_column av_two_fifth  flex_column_div av-zero-column-padding   avia-builder-el-13  el_after_av_three_fifth  el_before_av_one_half  column-top-margin\" style='border-radius:0px; '><div  class='avia-image-container  av-styling-    avia-builder-el-14  avia-builder-el-no-sibling  avia-align-center '  itemprop=\"image\" itemscope=\"itemscope\" itemtype=\"https:\/\/schema.org\/ImageObject\"  ><div class='avia-image-container-inner'><div class='avia-image-overlay-wrap'><a href='https:\/\/noemiwaysfeld.lnk.to\/UnePetiteCantate' class='avia_image'  ><img width=\"274\" height=\"300\" class='wp-image-1424 avia-img-lazy-loading-not-1424 avia_image' src=\"https:\/\/www.noemiwaysfeld.com\/wp-content\/uploads\/2024\/07\/Capture-de\u0301cran-2024-07-16-a\u0300-00.02.58-274x300.png\" alt='' title='Capture d\u2019e\u0301cran 2024-07-16 a\u0300 00.02.58'  itemprop=\"thumbnailUrl\" srcset=\"https:\/\/www.noemiwaysfeld.com\/wp-content\/uploads\/2024\/07\/Capture-de\u0301cran-2024-07-16-a\u0300-00.02.58-274x300.png 274w, https:\/\/www.noemiwaysfeld.com\/wp-content\/uploads\/2024\/07\/Capture-de\u0301cran-2024-07-16-a\u0300-00.02.58-768x842.png 768w, https:\/\/www.noemiwaysfeld.com\/wp-content\/uploads\/2024\/07\/Capture-de\u0301cran-2024-07-16-a\u0300-00.02.58-643x705.png 643w, https:\/\/www.noemiwaysfeld.com\/wp-content\/uploads\/2024\/07\/Capture-de\u0301cran-2024-07-16-a\u0300-00.02.58.png 810w\" sizes=\"(max-width: 274px) 100vw, 274px\" \/><\/a><\/div><\/div><\/div><\/div>\n<div class=\"flex_column av_one_half  flex_column_div av-zero-column-padding first  avia-builder-el-15  el_after_av_two_fifth  el_before_av_one_half  \" style='border-radius:0px; '><section class=\"av_textblock_section \"  itemscope=\"itemscope\" itemtype=\"https:\/\/schema.org\/CreativeWork\" ><div class='avia_textblock  '   itemprop=\"text\" ><h4>Premier single <em>Une petite cantate<\/em><\/h4>\n<\/div><\/section><br \/>\n<div  class='avia-video avia-video-custom   av-lazyload-immediate  av-lazyload-video-embed  ' style='padding-bottom:177.77777777778%;'  itemprop=\"video\" itemtype=\"https:\/\/schema.org\/VideoObject\"  data-original_url='https:\/\/youtube.com\/watch?v=YM1271z8rF4' ><script type='text\/html' class='av-video-tmpl'><div class='avia-iframe-wrap'><iframe title=\"Une petite cantate - No\u00ebmi Waysfeld chante Barbara\" width=\"1500\" height=\"844\" src=\"https:\/\/www.youtube.com\/embed\/YM1271z8rF4?feature=oembed&autoplay=0&loop=0&controls=1&mute=0\" frameborder=\"0\" allow=\"accelerometer; autoplay; clipboard-write; encrypted-media; gyroscope; picture-in-picture; web-share\" referrerpolicy=\"strict-origin-when-cross-origin\" allowfullscreen><\/iframe><\/div><\/script><div class='av-click-to-play-overlay'><div class=\"avia_playpause_icon\"><\/div><\/div><\/div><br \/>\n<div  class='avia-video avia-video-custom   av-lazyload-immediate  av-lazyload-video-embed  ' style='padding-bottom:177.77777777778%;'  itemprop=\"video\" itemtype=\"https:\/\/schema.org\/VideoObject\"  data-original_url='https:\/\/youtube.com\/watch?v=gp3SYxhgDHw' ><script type='text\/html' class='av-video-tmpl'><div class='avia-iframe-wrap'><iframe title=\"Je serai douce - No\u00ebmi Waysfeld, Orchestre national Avignon-Provence\" width=\"1500\" height=\"844\" src=\"https:\/\/www.youtube.com\/embed\/gp3SYxhgDHw?feature=oembed&autoplay=0&loop=0&controls=1&mute=0\" frameborder=\"0\" allow=\"accelerometer; autoplay; clipboard-write; encrypted-media; gyroscope; picture-in-picture; web-share\" referrerpolicy=\"strict-origin-when-cross-origin\" allowfullscreen><\/iframe><\/div><\/script><div class='av-click-to-play-overlay'><div class=\"avia_playpause_icon\"><\/div><\/div><\/div><\/p><\/div>\n<div class=\"flex_column av_one_half  flex_column_div av-zero-column-padding   avia-builder-el-19  el_after_av_one_half  el_before_av_textblock  \" style='border-radius:0px; '><section class=\"av_textblock_section \"  itemscope=\"itemscope\" itemtype=\"https:\/\/schema.org\/CreativeWork\" ><div class='avia_textblock  '   itemprop=\"text\" ><h4>Second single <em>La dame brune \/ <\/em><strong>feat. Maxime Le Forestier<\/strong><em><br \/>\n<\/em><\/h4>\n<\/div><\/section><br \/>\n<div  class='avia-video avia-video-custom   av-lazyload-immediate  av-lazyload-video-embed  ' style='padding-bottom:177.77777777778%;'  itemprop=\"video\" itemtype=\"https:\/\/schema.org\/VideoObject\"  data-original_url='https:\/\/youtube.com\/watch?v=rPGbrib7gS4' ><script type='text\/html' class='av-video-tmpl'><div class='avia-iframe-wrap'><iframe title=\"La dame brune - No\u00ebmi Waysfeld, Maxime Le Forestier, Orchestre national Avignon-Provence\" width=\"1500\" height=\"844\" src=\"https:\/\/www.youtube.com\/embed\/rPGbrib7gS4?feature=oembed&autoplay=0&loop=0&controls=1&mute=0\" frameborder=\"0\" allow=\"accelerometer; autoplay; clipboard-write; encrypted-media; gyroscope; picture-in-picture; web-share\" referrerpolicy=\"strict-origin-when-cross-origin\" allowfullscreen><\/iframe><\/div><\/script><div class='av-click-to-play-overlay'><div class=\"avia_playpause_icon\"><\/div><\/div><\/div><\/p><\/div>\n<section class=\"av_textblock_section \"  itemscope=\"itemscope\" itemtype=\"https:\/\/schema.org\/CreativeWork\" ><div class='avia_textblock  '   itemprop=\"text\" ><h4>Single <em>Je serai Douce<br \/>\n<\/em><\/h4>\n<\/div><\/section>\n","protected":false},"excerpt":{"rendered":"","protected":false},"author":1,"featured_media":0,"parent":0,"menu_order":0,"comment_status":"open","ping_status":"closed","template":"","meta":[],"_links":{"self":[{"href":"https:\/\/www.noemiwaysfeld.com\/index.php?rest_route=\/wp\/v2\/pages\/217"}],"collection":[{"href":"https:\/\/www.noemiwaysfeld.com\/index.php?rest_route=\/wp\/v2\/pages"}],"about":[{"href":"https:\/\/www.noemiwaysfeld.com\/index.php?rest_route=\/wp\/v2\/types\/page"}],"author":[{"embeddable":true,"href":"https:\/\/www.noemiwaysfeld.com\/index.php?rest_route=\/wp\/v2\/users\/1"}],"replies":[{"embeddable":true,"href":"https:\/\/www.noemiwaysfeld.com\/index.php?rest_route=%2Fwp%2Fv2%2Fcomments&post=217"}],"version-history":[{"count":97,"href":"https:\/\/www.noemiwaysfeld.com\/index.php?rest_route=\/wp\/v2\/pages\/217\/revisions"}],"predecessor-version":[{"id":1575,"href":"https:\/\/www.noemiwaysfeld.com\/index.php?rest_route=\/wp\/v2\/pages\/217\/revisions\/1575"}],"wp:attachment":[{"href":"https:\/\/www.noemiwaysfeld.com\/index.php?rest_route=%2Fwp%2Fv2%2Fmedia&parent=217"}],"curies":[{"name":"wp","href":"https:\/\/api.w.org\/{rel}","templated":true}]}}