{"id":340,"date":"2017-10-13T16:46:34","date_gmt":"2017-10-13T14:46:34","guid":{"rendered":"http:\/\/wpoffice\/band\/?page_id=340"},"modified":"2024-10-06T17:06:32","modified_gmt":"2024-10-06T15:06:32","slug":"about","status":"publish","type":"page","link":"https:\/\/www.noemiwaysfeld.com\/?page_id=340","title":{"rendered":"Portrait"},"content":{"rendered":"<div id='av_section_1'  class='avia-section header_color avia-section-huge avia-no-border-styling  avia-full-stretch av-section-color-overlay-active avia-bg-style-scroll  avia-builder-el-0  el_before_av_section  avia-builder-el-first   av-minimum-height av-minimum-height-75  container_wrap fullsize' style='background-repeat: no-repeat; background-image: url(https:\/\/www.noemiwaysfeld.com\/wp-content\/uploads\/2020\/12\/Noemi-Waysfeld-05-SD.jpg);background-attachment: scroll; background-position: top right;  '  data-section-bg-repeat='stretch' data-av_minimum_height_pc='75'><div class='av-section-color-overlay-wrap'><div class='av-section-color-overlay' style='opacity: 0.7; '><\/div><div class='container' ><main  role=\"main\" itemprop=\"mainContentOfPage\"  class='template-page content  av-content-full alpha units'><div class='post-entry post-entry-type-page post-entry-340'><div class='entry-content-wrapper clearfix'>\n<div  style='padding-bottom:0px; color:#ffffff;font-size:90px;' class='av-special-heading av-special-heading-h3 custom-color-heading blockquote modern-quote modern-centered  avia-builder-el-1  avia-builder-el-no-sibling  av-inherit-size '><h3 class='av-special-heading-tag '  itemprop=\"headline\"  >Portrait<\/h3><div class='special-heading-border'><div class='special-heading-inner-border' style='border-color:#ffffff'><\/div><\/div><\/div>\n\n<\/div><\/div><\/main><!-- close content main element --><\/div><\/div><\/div><div id='av_section_2'  class='avia-section alternate_color avia-section-default avia-no-border-styling  avia-bg-style-fixed  avia-builder-el-2  el_after_av_section  el_before_av_section   av-arrow-down-section container_wrap fullsize' style=' '  ><div class='container' ><div class='template-page content  av-content-full alpha units'><div class='post-entry post-entry-type-page post-entry-340'><div class='entry-content-wrapper clearfix'>\n<section class=\"av_textblock_section \"  itemscope=\"itemscope\" itemtype=\"https:\/\/schema.org\/CreativeWork\" ><div class='avia_textblock  '   itemprop=\"text\" ><p style=\"text-align: right;\"><em>Notre langue douce :<\/em><br \/>\n<em>On y sent des harpes \u00e9trang\u00e8res<\/em><br \/>\n<em>Balbutier la source.<\/em><br \/>\n<em>Ossip Mandelstam, Tristia, 1922<\/em><\/p>\n<p style=\"text-align: right;\">\n<em>&#8221; Chacun est \u00e0 soi-m\u00eame le plus lointain &#8220;<\/em><br \/>\n<em>Nietzsche Le Gai savoir<\/em><\/p>\n<\/div><\/section>\n\n<\/div><\/div><\/div><!-- close content main div --><\/div><div class='av-extra-border-element border-extra-arrow-down'><div class='av-extra-border-outer'><div class='av-extra-border-inner'  style='background-color:#f5f5f5;' ><\/div><\/div><\/div><\/div><div id='av_section_3'  class='avia-section main_color avia-section-small avia-no-border-styling  avia-bg-style-fixed  avia-builder-el-4  el_after_av_section  el_before_av_section   av-arrow-down-section container_wrap fullsize' style=' '  ><div class='container' ><div class='template-page content  av-content-full alpha units'><div class='post-entry post-entry-type-page post-entry-340'><div class='entry-content-wrapper clearfix'>\n<div class=\"flex_column av_two_third  flex_column_div av-zero-column-padding first  avia-builder-el-5  el_before_av_one_third  avia-builder-el-first  \" style='border-radius:0px; '><section class=\"av_textblock_section \"  itemscope=\"itemscope\" itemtype=\"https:\/\/schema.org\/CreativeWork\" ><div class='avia_textblock  '   itemprop=\"text\" ><p>No\u00ebmi Waysfeld chante Barbara<\/p>\n<p>Chanter Barbara, ce n\u2019est jamais chanter Barbara seulement. Le vertige interdit qu\u2019il s\u2019agisse d\u2019autre chose que d\u2019un autoportrait. Mais \u00e9cartons d\u2019embl\u00e9e le cousinage de cheveux noirs et de pommettes saillantes : No\u00ebmi Waysfeld s\u2019aventure dans une autre parent\u00e8le en enregistrant enfin une \u0153uvre avec laquelle elle vit depuis toujours.<\/p>\n<p>Il s\u2019agit de la houle d\u00e9bordant d\u2019un c\u0153ur d\u2019\u00e9lite, de la course effr\u00e9n\u00e9e du verbe traquant la v\u00e9rit\u00e9 du sentiment, du vertige d\u2019aimer, de soudain s\u2019ass\u00e9cher et d\u2019aimer encore\u2026 Tout cela s\u2019appelle Barbara, et No\u00ebmi Waysfeld le d\u00e9ploie dans un album fervent, pr\u00e9cis, pr\u00e9cieux, quelque part o\u00f9 la voix trouble parce qu\u2019elle semble autant \u00e9couter que chanter.<\/p>\n<p>On a d\u00e9couvert cette chanteuse explorant d\u2019album en album la po\u00e9sie yiddish, des chants de prisonniers du goulag sovi\u00e9tique \u00e0 une inattendue promenade dans le patrimoine du fado portugais, puis s\u2019aventurant sur le planisph\u00e8re du tango avec l\u2019Ensemble Contraste ou chez Franz Schubert avec le pianiste Guillaume de Chassy. \u00ab Je ne cesse d\u2019interroger quelque chose qui est tr\u00e8s ashk\u00e9naze : la question d\u2019un exil ou d\u2019une d\u00e9chirure dont la musique serait une r\u00e9paration, et le seul vecteur de communication avec les c\u0153urs d\u2019autres \u00eatres humains, r\u00e9sume-t-elle. Barbara m\u2019aide \u00e0 pr\u00e9ciser des contours que je ne parvenais pas \u00e0 pr\u00e9ciser auparavant. \u00bb<\/p>\n<\/div><\/section><\/div><div class=\"flex_column av_one_third  flex_column_div av-zero-column-padding   avia-builder-el-7  el_after_av_two_third  avia-builder-el-last  \" style='border-radius:0px; '><div  class='avia-image-container  av-styling-circle    avia-builder-el-8  avia-builder-el-no-sibling  avia-align-center '  itemprop=\"image\" itemscope=\"itemscope\" itemtype=\"https:\/\/schema.org\/ImageObject\"  ><div class='avia-image-container-inner'><div class='avia-image-overlay-wrap'><img class='wp-image-1467 avia-img-lazy-loading-not-1467 avia_image' src=\"https:\/\/www.noemiwaysfeld.com\/wp-content\/uploads\/2024\/10\/DSCF8969-773x1030.jpg\" alt='' title='DSCF8969' height=\"1030\" width=\"773\"  itemprop=\"thumbnailUrl\" srcset=\"https:\/\/www.noemiwaysfeld.com\/wp-content\/uploads\/2024\/10\/DSCF8969-773x1030.jpg 773w, https:\/\/www.noemiwaysfeld.com\/wp-content\/uploads\/2024\/10\/DSCF8969-225x300.jpg 225w, https:\/\/www.noemiwaysfeld.com\/wp-content\/uploads\/2024\/10\/DSCF8969-768x1024.jpg 768w, https:\/\/www.noemiwaysfeld.com\/wp-content\/uploads\/2024\/10\/DSCF8969-1152x1536.jpg 1152w, https:\/\/www.noemiwaysfeld.com\/wp-content\/uploads\/2024\/10\/DSCF8969-1125x1500.jpg 1125w, https:\/\/www.noemiwaysfeld.com\/wp-content\/uploads\/2024\/10\/DSCF8969-529x705.jpg 529w, https:\/\/www.noemiwaysfeld.com\/wp-content\/uploads\/2024\/10\/DSCF8969.jpg 1288w\" sizes=\"(max-width: 773px) 100vw, 773px\" \/><\/div><\/div><\/div><\/div><\/div><\/div><\/div><!-- close content main div --><\/div><div class='av-extra-border-element border-extra-arrow-down'><div class='av-extra-border-outer'><div class='av-extra-border-inner'  style='background-color:#ffffff;' ><\/div><\/div><\/div><\/div><div id='av_section_4'  class='avia-section alternate_color avia-section-small avia-no-border-styling  avia-bg-style-fixed  avia-builder-el-9  el_after_av_section  avia-builder-el-last   av-arrow-down-section container_wrap fullsize' style=' '  ><div class='container' ><div class='template-page content  av-content-full alpha units'><div class='post-entry post-entry-type-page post-entry-340'><div class='entry-content-wrapper clearfix'>\n<div class=\"flex_column av_one_full  flex_column_div av-zero-column-padding first  avia-builder-el-10  el_before_av_image  avia-builder-el-first  \" style='border-radius:0px; '><section class=\"av_textblock_section \"  itemscope=\"itemscope\" itemtype=\"https:\/\/schema.org\/CreativeWork\" ><div class='avia_textblock  '   itemprop=\"text\" ><p><strong>Le voici, l\u2019autoportrait<\/strong> : No\u00ebmi Waysfeld, une douzaine d\u2019ann\u00e9es apr\u00e8s ses d\u00e9buts discographiques, chante sa langue maternelle. L\u2019id\u00e9e en est venue lors de la pr\u00e9paration d\u2019un spectacle \u00e9minemment fran\u00e7ais, le cycle de m\u00e9lodies <i>Cueillir le jour<\/i> du compositeur Fabien Cali autour de la po\u00e9sie de Pierre de Ronsard en 2022 : \u00ab Pendant la balance, je chante impromptu un extrait de <i>Mon enfance<\/i>. Trois minutes avant le concert, Fabien entre ma loge et me dit : \u00ab Veux-tu que j\u2019orchestre pour toi des chansons de Barbara ? \u00bb<\/p>\n<p>Proposition s\u00e9rieuse. D\u00e9bora Waldman, directrice musicale de l\u2019Orchestre national Avignon-Provence, et le label Sony Classical sont s\u00e9duits par ce projet qui prend aussi \u00e0 contrepied son interpr\u00e8te. \u00ab J\u2019ai toujours pens\u00e9 et toujours dit qu\u2019on ne reprend pas Barbara, pas plus qu\u2019on ne reprend le <i>Voyage d\u2019hiver <\/i>de Schubert \u00bb, dit joliment No\u00ebmi Waysfeld. Car l\u2019enjeu ne consiste pas \u00e0 glaner la gloire d\u2019un r\u00e9pertoire immense ou \u00e0 confronter l\u2019or de sa voix \u00e0 celle d\u2019une grande a\u00een\u00e9e. Il s\u2019agit plut\u00f4t d\u2019un parcours entre l\u2019intime de l\u2019interpr\u00e8te et celui de chacun de ses auditeurs : \u00ab Barbara a toujours \u00e9t\u00e9 une alli\u00e9e dans ma vie et dit exactement ce que j&#8217;aurais aim\u00e9 savoir dire. Elle nous r\u00e9pare. Elle parvient, avec des mots si simples et des m\u00e9lodies si limpides, \u00e0 raconter l\u2019imperceptible et la faille. \u00bb<\/p>\n<\/div><\/section><\/div><div  class='avia-image-container  av-styling-circle    avia-builder-el-12  el_after_av_one_full  el_before_av_one_full  avia-align-center '  itemprop=\"image\" itemscope=\"itemscope\" itemtype=\"https:\/\/schema.org\/ImageObject\"  ><div class='avia-image-container-inner'><div class='avia-image-overlay-wrap'><img class='wp-image-1466 avia-img-lazy-loading-not-1466 avia_image' src=\"https:\/\/www.noemiwaysfeld.com\/wp-content\/uploads\/2024\/10\/DSCF8747.jpg\" alt='' title='DSCF8747' height=\"1165\" width=\"1554\"  itemprop=\"thumbnailUrl\" srcset=\"https:\/\/www.noemiwaysfeld.com\/wp-content\/uploads\/2024\/10\/DSCF8747.jpg 1554w, https:\/\/www.noemiwaysfeld.com\/wp-content\/uploads\/2024\/10\/DSCF8747-300x225.jpg 300w, https:\/\/www.noemiwaysfeld.com\/wp-content\/uploads\/2024\/10\/DSCF8747-1030x772.jpg 1030w, https:\/\/www.noemiwaysfeld.com\/wp-content\/uploads\/2024\/10\/DSCF8747-768x576.jpg 768w, https:\/\/www.noemiwaysfeld.com\/wp-content\/uploads\/2024\/10\/DSCF8747-1536x1152.jpg 1536w, https:\/\/www.noemiwaysfeld.com\/wp-content\/uploads\/2024\/10\/DSCF8747-1500x1125.jpg 1500w, https:\/\/www.noemiwaysfeld.com\/wp-content\/uploads\/2024\/10\/DSCF8747-705x529.jpg 705w\" sizes=\"(max-width: 1554px) 100vw, 1554px\" \/><\/div><\/div><\/div>\n<div class=\"flex_column av_one_full  flex_column_div av-zero-column-padding first  avia-builder-el-13  el_after_av_image  el_before_av_three_fourth  \" style='border-radius:0px; '><section class=\"av_textblock_section \"  itemscope=\"itemscope\" itemtype=\"https:\/\/schema.org\/CreativeWork\" ><div class='avia_textblock  '   itemprop=\"text\" ><p>Barbara ram\u00e8ne son interpr\u00e8te quelque part o\u00f9 sa carri\u00e8re n\u2019avait pas encore chemin\u00e9. N\u00e9e \u00e0 Paris de lign\u00e9es est-europ\u00e9ennes emm\u00eal\u00e9es, elle a appris le yiddish que personne ne parle plus dans sa famille et explor\u00e9 la m\u00e9moire du monde englouti dans la Shoah. Elle pratique un autodidactisme paradoxal : dix ans de violoncelle classique, dix ans de cours de th\u00e9\u00e2tre, mais le ch\u0153ur de son apprentissage tient dans \u00ab les le\u00e7ons de chant que me donne ma s\u0153ur tous les jours de mes trois ans \u00e0 mes vingt-sept ans \u00bb. De treize ans son a\u00een\u00e9e, la mezzo-soprano Chlo\u00e9 Waysfeld sera fauch\u00e9e par le cancer \u00e0 la quarantaine, en 2013.<\/p>\n<\/div><\/section><\/div><div class=\"flex_column av_three_fourth  flex_column_div av-zero-column-padding first  avia-builder-el-15  el_after_av_one_full  el_before_av_one_fourth  column-top-margin\" style='border-radius:0px; '><section class=\"av_textblock_section \"  itemscope=\"itemscope\" itemtype=\"https:\/\/schema.org\/CreativeWork\" ><div class='avia_textblock  '   itemprop=\"text\" ><p>No\u00ebmi a alors commenc\u00e9 depuis peu le cycle de ses albums yiddish avec son groupe Blik (<i>Kalyma, Alfama, Zimlya<\/i>) et une activit\u00e9 sc\u00e9nique vari\u00e9e, entre cr\u00e9ation contemporaine, r\u00e9citals et th\u00e9\u00e2tre musical \u2013 un univers kal\u00e9idoscopique dans l\u2019esprit de sa culture familiale, qui m\u00eale Brel, Brassens, Sylvestre aux musiques traditionnelles et au jazz. \u00bb<\/p>\n<p>Mais elle mettra tr\u00e8s longtemps \u00e0 chanter sa langue natale, comme si elle arpentait son identit\u00e9 en commen\u00e7ant par le plus lointain, dans l\u2019espace comme dans le temps. En studio, elle aborde vraiment le fran\u00e7ais en 2023 par les splendeurs moir\u00e9es de la m\u00e9lodie fran\u00e7aise, avec l\u2019album <i>Le Temps de r\u00eaver<\/i>dans lequel elle chante Verlaine, Pr\u00e9vert ou Baudelaire avec le quatuor Dutilleux et le pianiste David Kadouch.<\/p>\n<p>Pour aborder l\u2019\u0153uvre de Barbara, elle m\u00eale d\u2019in\u00e9puisables classiques et des chansons plus rares, sans n\u00e9gliger le r\u00e9pertoire solaire d\u2019une autrice et compositrice dou\u00e9e pour la jubilation et la sensualit\u00e9. Pour ces quinze chansons, elle souhaite une sobri\u00e9t\u00e9 vers laquelle convergent Fabien Cali et D\u00e9bora Waldman, l\u2019orchestre \u00e9pousant son souffle, tout comme le pianiste Guillaume de Chassy pour deux titres. Dans le sacr\u00e9 du chant de Barbara comme dans son espi\u00e8glerie, dans les lueurs de l\u2019enfance comme dans les ombres de la m\u00e9lancolie, il ne s\u2019agit pas seulement d\u2019explorer un bagage de notes et de mots, mais aussi de ce patrimoine d\u2019\u00e9motions, d\u2019aveux et de silences qui participe \u00e0 l\u2019identit\u00e9 de millions de francophones.<\/p>\n<p>Au passage, un double symbole de cette continuit\u00e9 : Maxime Le Forestier est venu joindre sa voix \u00e0 la sienne dans <i>La Dame brune<\/i>, enregistr\u00e9 par Barbara en 1967 avec Georges Moustaki, et, pour <i>Le Bois de Saint-Amand, <\/i>No\u00ebmi Wasfeld a convi\u00e9 sa propre fille \u00e0 chanter avec elle. Toujours, de g\u00e9n\u00e9ration en g\u00e9n\u00e9ration, le g\u00e9nie d\u2019autoportraits \u00e0 jamais partag\u00e9s.<\/p>\n<p>Bertrand Dicale<\/p>\n<\/div><\/section><\/div><div class=\"flex_column av_one_fourth  flex_column_div av-zero-column-padding   avia-builder-el-17  el_after_av_three_fourth  avia-builder-el-last  column-top-margin\" style='border-radius:0px; '><div  class='avia-image-container  av-styling-circle    avia-builder-el-18  avia-builder-el-no-sibling  avia-align-center '  itemprop=\"image\" itemscope=\"itemscope\" itemtype=\"https:\/\/schema.org\/ImageObject\"  ><div class='avia-image-container-inner'><div class='avia-image-overlay-wrap'><img class='wp-image-1463 avia-img-lazy-loading-not-1463 avia_image' src=\"https:\/\/www.noemiwaysfeld.com\/wp-content\/uploads\/2024\/10\/DSCF74702-773x1030.jpg\" alt='' title='DSCF7470(2)' height=\"1030\" width=\"773\"  itemprop=\"thumbnailUrl\" srcset=\"https:\/\/www.noemiwaysfeld.com\/wp-content\/uploads\/2024\/10\/DSCF74702-773x1030.jpg 773w, https:\/\/www.noemiwaysfeld.com\/wp-content\/uploads\/2024\/10\/DSCF74702-225x300.jpg 225w, https:\/\/www.noemiwaysfeld.com\/wp-content\/uploads\/2024\/10\/DSCF74702-768x1024.jpg 768w, https:\/\/www.noemiwaysfeld.com\/wp-content\/uploads\/2024\/10\/DSCF74702-1152x1536.jpg 1152w, https:\/\/www.noemiwaysfeld.com\/wp-content\/uploads\/2024\/10\/DSCF74702-1125x1500.jpg 1125w, https:\/\/www.noemiwaysfeld.com\/wp-content\/uploads\/2024\/10\/DSCF74702-529x705.jpg 529w, https:\/\/www.noemiwaysfeld.com\/wp-content\/uploads\/2024\/10\/DSCF74702.jpg 1233w\" sizes=\"(max-width: 773px) 100vw, 773px\" \/><\/div><\/div><\/div><\/div><\/p>\n","protected":false},"excerpt":{"rendered":"","protected":false},"author":1,"featured_media":0,"parent":0,"menu_order":0,"comment_status":"closed","ping_status":"closed","template":"","meta":[],"_links":{"self":[{"href":"https:\/\/www.noemiwaysfeld.com\/index.php?rest_route=\/wp\/v2\/pages\/340"}],"collection":[{"href":"https:\/\/www.noemiwaysfeld.com\/index.php?rest_route=\/wp\/v2\/pages"}],"about":[{"href":"https:\/\/www.noemiwaysfeld.com\/index.php?rest_route=\/wp\/v2\/types\/page"}],"author":[{"embeddable":true,"href":"https:\/\/www.noemiwaysfeld.com\/index.php?rest_route=\/wp\/v2\/users\/1"}],"replies":[{"embeddable":true,"href":"https:\/\/www.noemiwaysfeld.com\/index.php?rest_route=%2Fwp%2Fv2%2Fcomments&post=340"}],"version-history":[{"count":69,"href":"https:\/\/www.noemiwaysfeld.com\/index.php?rest_route=\/wp\/v2\/pages\/340\/revisions"}],"predecessor-version":[{"id":1471,"href":"https:\/\/www.noemiwaysfeld.com\/index.php?rest_route=\/wp\/v2\/pages\/340\/revisions\/1471"}],"wp:attachment":[{"href":"https:\/\/www.noemiwaysfeld.com\/index.php?rest_route=%2Fwp%2Fv2%2Fmedia&parent=340"}],"curies":[{"name":"wp","href":"https:\/\/api.w.org\/{rel}","templated":true}]}}